{"id":11,"date":"2018-03-05T20:23:37","date_gmt":"2018-03-05T20:23:37","guid":{"rendered":"http:\/\/www.spartakvalasskeklobouky.cz\/?page_id=11"},"modified":"2020-09-23T07:46:21","modified_gmt":"2020-09-23T07:46:21","slug":"dorost","status":"publish","type":"page","link":"https:\/\/www.spartakvalasskeklobouky.cz\/index.php\/dorost\/","title":{"rendered":"Dorost"},"content":{"rendered":"\n<p><strong>Brumov-Val. Klobouky- SK Louky<\/strong> <strong>3:2<\/strong> <strong>Pen: 4:2<\/strong><\/p>\n\n\n\n<p>ST\u0158ELCI:\u00a064. Grygar Tom\u00e1\u0161, 88. Opravil Pavel\u00a0&#8211;\u00a01. Borovec Franti\u0161ek, 40. Posp\u00ed\u0161il\u00edk Mikul\u00e1\u0161<\/p>\n\n\n\n<p><strong>Hole\u0161ov<\/strong>&nbsp;&#8211;&nbsp;<strong>Brumov-Val. Klobouky<\/strong>&nbsp;<strong>0:2<\/strong>&nbsp;(0:2)<\/p>\n\n\n\n<p>ST\u0158ELCI:&nbsp;36. B\u00e1rtek Ji\u0159\u00ed (vl.), 43. Fojt\u00edk Jakub<\/p>\n\n\n<table style=\"height: 413px;\" width=\"417\">\n<tbody>\n<tr>\n<td style=\"width: 407px;\" colspan=\"7\">\u00a0 \u00a0 \u00a0 \u00a0 \u00a0 \u00a0 \u00a0 \u00a0 \u00a0 \u00a0 \u00a0 KRAJSK\u00dd P\u0158EBOR &#8211; podzim 2020<\/td>\n<\/tr>\n<tr>\n<td style=\"width: 407px;\" colspan=\"7\">\u00a0 \u00a0 DOROST &#8211; FC Brumov &#8211; TJ Spartak Vala\u0161sk\u00e9 Klobouky<\/td>\n<\/tr>\n<tr>\n<td style=\"width: 31px;\">kolo<\/td>\n<td style=\"width: 47px;\">datum<\/td>\n<td style=\"width: 27px;\">den<\/td>\n<td style=\"width: 146px;\">soupe\u0159<\/td>\n<td style=\"width: 31px;\">D\/V<\/td>\n<td style=\"width: 42px;\">\u010das<\/td>\n<td style=\"width: 47px;\">\u00a0<\/td>\n<\/tr>\n<tr>\n<td style=\"width: 31px;\">2<\/td>\n<td style=\"width: 47px;\">16.8.<\/td>\n<td style=\"width: 27px;\">NE<\/td>\n<td style=\"width: 146px;\">Bojkovice<\/td>\n<td style=\"width: 31px;\">V<\/td>\n<td style=\"width: 42px;\">14:30<\/td>\n<td style=\"width: 47px;\">\u00a0<\/td>\n<\/tr>\n<tr>\n<td style=\"width: 31px;\">3<\/td>\n<td style=\"width: 47px;\">22.8.<\/td>\n<td style=\"width: 27px;\">SO<\/td>\n<td style=\"width: 146px;\">Str\u00e1n\u00ed<\/td>\n<td style=\"width: 31px;\">D<\/td>\n<td style=\"width: 42px;\">10:00<\/td>\n<td style=\"width: 47px;\">h\u0159. VK<\/td>\n<\/tr>\n<tr>\n<td style=\"width: 31px;\">4<\/td>\n<td style=\"width: 47px;\">29.8.<\/td>\n<td style=\"width: 27px;\">SO<\/td>\n<td style=\"width: 146px;\">Luha\u010dovice<\/td>\n<td style=\"width: 31px;\">V<\/td>\n<td style=\"width: 42px;\">13:30<\/td>\n<td style=\"width: 47px;\">\u00a0<\/td>\n<\/tr>\n<tr>\n<td style=\"width: 31px;\">5<\/td>\n<td style=\"width: 47px;\">5.9.<\/td>\n<td style=\"width: 27px;\">SO<\/td>\n<td style=\"width: 146px;\">Slavi\u010d\u00edn<\/td>\n<td style=\"width: 31px;\">D<\/td>\n<td style=\"width: 42px;\">10:00<\/td>\n<td style=\"width: 47px;\">h\u0159. VK<\/td>\n<\/tr>\n<tr>\n<td style=\"width: 31px;\">6<\/td>\n<td style=\"width: 47px;\">12.9.<\/td>\n<td style=\"width: 27px;\">SO<\/td>\n<td style=\"width: 146px;\">Hole\u0161ov (St\u0159elnice)<\/td>\n<td style=\"width: 31px;\">V<\/td>\n<td style=\"width: 42px;\">10:00<\/td>\n<td style=\"width: 47px;\">\u00a0<\/td>\n<\/tr>\n<tr>\n<td style=\"width: 31px;\">7<\/td>\n<td style=\"width: 47px;\">19.9.<\/td>\n<td style=\"width: 27px;\">SO<\/td>\n<td style=\"width: 146px;\">Louky<\/td>\n<td style=\"width: 31px;\">D<\/td>\n<td style=\"width: 42px;\">10:00<\/td>\n<td style=\"width: 47px;\">h\u0159. VK<\/td>\n<\/tr>\n<tr>\n<td style=\"width: 31px;\">8<\/td>\n<td style=\"width: 47px;\">26.9.<\/td>\n<td style=\"width: 27px;\">SO<\/td>\n<td style=\"width: 146px;\">Star\u00e9 M\u011bsto (\u0160ir\u016fch)<\/td>\n<td style=\"width: 31px;\">V<\/td>\n<td style=\"width: 42px;\">13:00<\/td>\n<td style=\"width: 47px;\">\u00a0<\/td>\n<\/tr>\n<tr>\n<td style=\"width: 31px;\">9<\/td>\n<td style=\"width: 47px;\">3.10.<\/td>\n<td style=\"width: 27px;\">SO<\/td>\n<td style=\"width: 146px;\">Ba\u0165ov<\/td>\n<td style=\"width: 31px;\">D<\/td>\n<td style=\"width: 42px;\">10:00<\/td>\n<td style=\"width: 47px;\">h\u0159. VK<\/td>\n<\/tr>\n<tr>\n<td style=\"width: 31px;\">10<\/td>\n<td style=\"width: 47px;\">11.10.<\/td>\n<td style=\"width: 27px;\">NE<\/td>\n<td style=\"width: 146px;\">Uh. Brod (Orel)<\/td>\n<td style=\"width: 31px;\">V<\/td>\n<td style=\"width: 42px;\">10:00<\/td>\n<td style=\"width: 47px;\">\u00a0<\/td>\n<\/tr>\n<tr>\n<td style=\"width: 31px;\">11<\/td>\n<td style=\"width: 47px;\">17.10.<\/td>\n<td style=\"width: 27px;\">SO<\/td>\n<td style=\"width: 146px;\">Kunovice<\/td>\n<td style=\"width: 31px;\">D<\/td>\n<td style=\"width: 42px;\">10:00<\/td>\n<td style=\"width: 47px;\">h\u0159. VK<\/td>\n<\/tr>\n<tr>\n<td style=\"width: 31px;\">12<\/td>\n<td style=\"width: 47px;\">24.10.<\/td>\n<td style=\"width: 27px;\">SO<\/td>\n<td style=\"width: 146px;\">Ro\u017enov p.\/R<\/td>\n<td style=\"width: 31px;\">D<\/td>\n<td style=\"width: 42px;\">10:00<\/td>\n<td style=\"width: 47px;\">h\u0159. VK<\/td>\n<\/tr>\n<tr>\n<td style=\"width: 31px;\">13<\/td>\n<td style=\"width: 47px;\">1.11.<\/td>\n<td style=\"width: 27px;\">NE<\/td>\n<td style=\"width: 146px;\">V. Otrokovice<\/td>\n<td style=\"width: 31px;\">V<\/td>\n<td style=\"width: 42px;\">10:00<\/td>\n<td style=\"width: 47px;\">\u00a0<\/td>\n<\/tr>\n<tr>\n<td style=\"width: 31px;\">1<\/td>\n<td style=\"width: 47px;\">7.11.<\/td>\n<td style=\"width: 27px;\">SO<\/td>\n<td style=\"width: 146px;\">SK Zl\u00edn<\/td>\n<td style=\"width: 31px;\">D<\/td>\n<td style=\"width: 42px;\">10:00<\/td>\n<td style=\"width: 47px;\">h\u0159. VK<\/td>\n<\/tr>\n<\/tbody>\n<\/table>","protected":false},"excerpt":{"rendered":"<p>Brumov-Val. Klobouky- SK Louky 3:2 Pen: 4:2 ST\u0158ELCI:\u00a064. Grygar Tom\u00e1\u0161, 88. Opravil Pavel\u00a0&#8211;\u00a01. Borovec Franti\u0161ek, 40. Posp\u00ed\u0161il\u00edk Mikul\u00e1\u0161 Hole\u0161ov&nbsp;&#8211;&nbsp;Brumov-Val. Klobouky&nbsp;0:2&nbsp;(0:2) ST\u0158ELCI:&nbsp;36. B\u00e1rtek Ji\u0159\u00ed (vl.), 43. Fojt\u00edk Jakub \u00a0 \u00a0 \u00a0 \u00a0 \u00a0 \u00a0 \u00a0 \u00a0 \u00a0 \u00a0 \u00a0 KRAJSK\u00dd P\u0158EBOR &#8211; podzim 2020 \u00a0 \u00a0 DOROST &#8211; FC Brumov &#8211; TJ Spartak Vala\u0161sk\u00e9 Klobouky kolo datum den soupe\u0159 D\/V \u010das \u00a0 2 16.8. NE Bojkovice V 14:30 \u00a0 3 22.8. SO Str\u00e1n\u00ed D 10:00 h\u0159. VK 4 29.8. SO Luha\u010dovice V 13:30 \u00a0 5 5.9. SO Slavi\u010d\u00edn D 10:00 h\u0159. VK 6 12.9. SO Hole\u0161ov&hellip;<a href=\"https:\/\/www.spartakvalasskeklobouky.cz\/index.php\/dorost\/\" class=\"more-link\">Continue reading <span class=\"screen-reader-text\">Dorost<\/span><\/a><\/p>\n","protected":false},"author":1,"featured_media":0,"parent":0,"menu_order":0,"comment_status":"closed","ping_status":"closed","template":"","meta":[],"_links":{"self":[{"href":"https:\/\/www.spartakvalasskeklobouky.cz\/index.php\/wp-json\/wp\/v2\/pages\/11"}],"collection":[{"href":"https:\/\/www.spartakvalasskeklobouky.cz\/index.php\/wp-json\/wp\/v2\/pages"}],"about":[{"href":"https:\/\/www.spartakvalasskeklobouky.cz\/index.php\/wp-json\/wp\/v2\/types\/page"}],"author":[{"embeddable":true,"href":"https:\/\/www.spartakvalasskeklobouky.cz\/index.php\/wp-json\/wp\/v2\/users\/1"}],"replies":[{"embeddable":true,"href":"https:\/\/www.spartakvalasskeklobouky.cz\/index.php\/wp-json\/wp\/v2\/comments?post=11"}],"version-history":[{"count":7,"href":"https:\/\/www.spartakvalasskeklobouky.cz\/index.php\/wp-json\/wp\/v2\/pages\/11\/revisions"}],"predecessor-version":[{"id":528,"href":"https:\/\/www.spartakvalasskeklobouky.cz\/index.php\/wp-json\/wp\/v2\/pages\/11\/revisions\/528"}],"wp:attachment":[{"href":"https:\/\/www.spartakvalasskeklobouky.cz\/index.php\/wp-json\/wp\/v2\/media?parent=11"}],"curies":[{"name":"wp","href":"https:\/\/api.w.org\/{rel}","templated":true}]}}